{"id":130,"date":"2009-08-03T16:07:09","date_gmt":"2009-08-04T00:07:09","guid":{"rendered":"https:\/\/chinesebay.com\/blog\/?page_id=130"},"modified":"2010-09-23T07:51:29","modified_gmt":"2010-09-23T15:51:29","slug":"chinese-word","status":"publish","type":"page","link":"https:\/\/chinesebay.com\/blog\/chinese-word\/","title":{"rendered":"Chinese Characters"},"content":{"rendered":"<h3><a title=\"Look up in ChineseBay Cantonese and Mandarin Pronunciation Dictionary\" target=\"_blank\" href=\"http:\/\/chinesebay.com\/py\/%E6%BC%A2%EF%BC%88%E6%B1%89%EF%BC%89%E5%AD%97\">\u6f22\uff08\u6c49\uff09\u5b57<\/a> or Chinese Words or Characters<\/h3>\n<p>Many single Chinese characters can be consider Chinese words themselves. It means one Chinese word with only one characters.<br \/>\nFor example, <a title=\"Look up in ChineseBay Cantonese and Mandarin Pronunciation Dictionary\" target=\"_blank\" href=\"http:\/\/chinesebay.com\/py\/%E6%84%9B\">\u611b<\/a>(<a title=\"Look up in ChineseBay Cantonese and Mandarin Pronunciation Dictionary\" target=\"_blank\" href=\"http:\/\/chinesebay.com\/py\/%E7%88%B1\">\u7231<\/a>)ai4, is &#8220;love&#8221;.  <\/p>\n<p>You may also find many Chinese words come with two characters. For example, <a title=\"Look up in ChineseBay Cantonese and Mandarin Pronunciation Dictionary\" target=\"_blank\" href=\"http:\/\/chinesebay.com\/py\/%E5%B7%A5%E4%BD%9C\">\u5de5\u4f5c<\/a> gong1 zuo4, means &#8220;work&#8221; or &#8220;job&#8221;.<\/p>\n<p>Many Chinese idioms come with four characters. For example, <a href=http:\/\/kaibo2.com\/dict\/dict.php?word=%E6%95%B4%E6%95%B4%E9%BD%90%E9%BD%90 target=_new>\u6574\u6574\u9f50\u9f50 zheng2zheng3qi2qi2(zh\u011bng zh\u011bng q\u00ed q\u00ed)<\/a>; <a href=\"http:\/\/kaibo2.com\/dict\/dict.php?word=%E4%B8%80%E5%B9%B2%E4%BA%8C%E5%87%80\" target=_new>\u4e00\u5e72\u4e8c\u51c0<\/a><br \/>\nIf you are looking for some popular Chinese words or characters for you to print out or use as tattoo,  you may find it here.<\/p>\n<p>1) To start, you may go to <a href=\"http:\/\/www.chinapage.com\/word\/chineseword.html\" target=\"_blank\" ref=\"nofollow\">www.chinapage.com\/word\/chineseword.html<\/a>;<br \/>\n2)On our site you can find how to write &#8220;I love you&#8221; in Chinese;<br \/>\n3)Send you your request and we will post what you want to write in Chinese.<\/p>\n<p>related articles:<\/p>\n<ol>\n<li>\n<h2><span><a title=\"Permanent Link to How Do You Write: Love in Mandarin &amp; Cantonese?\" rel=\"bookmark\" href=\"..\/2008\/08\/how-do-you-write-love-in-mandarin-cantonese\/\">How to Say and Write \u201cI love you\u201d in Chinese<\/a><\/span><\/h2>\n<\/li>\n<li>\n<h2><span><a title=\"Permanent Link to How to Write \u201cLove\u201d in Chinese \u2014 Video\" rel=\"bookmark\" href=\"..\/2009\/04\/how-to-write-love-in-chinese-video\/\">How Do You Write: Love in Mandarin &amp; Cantonese?<\/a><\/span><\/h2>\n<\/li>\n<li>\n<h2><span><a title=\"Permanent Link to How to Write \u201cLove\u201d in Chinese \u2014 Video\" rel=\"bookmark\" href=\"..\/2009\/04\/how-to-write-love-in-chinese-video\/\">How to Write \u201cLove\u201d in Chinese \u2014 Video<\/a><\/span><\/h2>\n<\/li>\n<\/ol>\n","protected":false},"excerpt":{"rendered":"<p><a title=\"Look up in ChineseBay Cantonese and Mandarin Pronunciation Dictionary\" target=\"_blank\" href=\"http:\/\/chinesebay.com\/py\/%E6%BC%A2%EF%BC%88%E6%B1%89%EF%BC%89%E5%AD%97\">\u6f22\uff08\u6c49\uff09\u5b57<\/a> or Chinese Words or Characters Many single Chinese characters can be consider Chinese words themselves. It means one Chinese word with only one characters. For example, <a title=\"Look up in ChineseBay Cantonese and Mandarin Pronunciation Dictionary\" target=\"_blank\" href=\"http:\/\/chinesebay.com\/py\/%E6%84%9B\">\u611b<\/a>(<a title=\"Look up in ChineseBay Cantonese and Mandarin Pronunciation Dictionary\" target=\"_blank\" href=\"http:\/\/chinesebay.com\/py\/%E7%88%B1\">\u7231<\/a>)ai4, is &#8220;love&#8221;. You may also find many Chinese words come with two characters. For example, <a title=\"Look up in ChineseBay Cantonese and Mandarin Pronunciation Dictionary\" target=\"_blank\" href=\"http:\/\/chinesebay.com\/py\/%E5%B7%A5%E4%BD%9C\">\u5de5\u4f5c<\/a> gong1 zuo4, means &#8220;work&#8221; or &#8220;job&#8221;. Many Chinese idioms come with [&hellip;]<\/p>\n","protected":false},"author":134,"featured_media":0,"parent":0,"menu_order":0,"comment_status":"open","ping_status":"open","template":"","meta":{"footnotes":"","_links_to":"","_links_to_target":""},"_links":{"self":[{"href":"https:\/\/chinesebay.com\/blog\/wp-json\/wp\/v2\/pages\/130"}],"collection":[{"href":"https:\/\/chinesebay.com\/blog\/wp-json\/wp\/v2\/pages"}],"about":[{"href":"https:\/\/chinesebay.com\/blog\/wp-json\/wp\/v2\/types\/page"}],"author":[{"embeddable":true,"href":"https:\/\/chinesebay.com\/blog\/wp-json\/wp\/v2\/users\/134"}],"replies":[{"embeddable":true,"href":"https:\/\/chinesebay.com\/blog\/wp-json\/wp\/v2\/comments?post=130"}],"version-history":[{"count":4,"href":"https:\/\/chinesebay.com\/blog\/wp-json\/wp\/v2\/pages\/130\/revisions"}],"predecessor-version":[{"id":535,"href":"https:\/\/chinesebay.com\/blog\/wp-json\/wp\/v2\/pages\/130\/revisions\/535"}],"wp:attachment":[{"href":"https:\/\/chinesebay.com\/blog\/wp-json\/wp\/v2\/media?parent=130"}],"curies":[{"name":"wp","href":"https:\/\/api.w.org\/{rel}","templated":true}]}}