{"id":166,"date":"2009-08-17T11:39:49","date_gmt":"2009-08-17T19:39:49","guid":{"rendered":"https:\/\/chinesebay.com\/blog\/?page_id=166"},"modified":"2009-08-19T08:36:38","modified_gmt":"2009-08-19T16:36:38","slug":"how-to-type-chinese","status":"publish","type":"page","link":"https:\/\/chinesebay.com\/blog\/chinese-tools\/how-to-type-chinese\/","title":{"rendered":"How to Type Chinese"},"content":{"rendered":"<p>With our Pinyin IME, you can type Chinese characters easily without installing any software. Only with your browser.<\/p>\n<p><strong>1. First Go to <a href=\"http:\/\/ChineseBay.com\/chinesetools\/typechinese.php\">http:\/\/ChineseBay.com\/chinesetools\/typechinese.php<\/a><br \/>\n<\/strong><\/p>\n<p><strong>2. Start typing pinyin without tones.<\/strong><br \/>\ne.g.  If you type &#8220;wom&#8221;, you will get &#8220;1. <a title=\"Look up in ChineseBay Cantonese and Mandarin Pronunciation Dictionary\" target=\"_blank\" href=\"http:\/\/chinesebay.com\/py\/%E6%88%91%E4%BB%AC\">\u6211\u4eec<\/a> women&#8221; , then you just press spacebar or 1 to get it into the main text area for your article.<br \/>\nTip: When you have more than one choices, and #1 is what you want, just press Space Bar.<\/p>\n<p>To type &#8220;<a title=\"Look up in ChineseBay Cantonese and Mandarin Pronunciation Dictionary\" target=\"_blank\" href=\"http:\/\/chinesebay.com\/py\/%E6%97%85%E6%B8%B8\">\u65c5\u6e38<\/a>lvyou&#8221;, you input &#8220;lvyo&#8221; and space bar (you don&#8217;t even need to finish the whole pinyin with the &#8216;u&#8217;)<br \/>\nType &#8220;lvshi&#8221; and spacebar or 1 to get &#8220;<a title=\"Look up in ChineseBay Cantonese and Mandarin Pronunciation Dictionary\" target=\"_blank\" href=\"http:\/\/chinesebay.com\/py\/%E5%BE%8B%E5%B8%88\">\u5f8b\u5e08<\/a>&#8221;.<\/p>\n<p><strong>3. Use PageDown and PageUp to get to the other pages<\/strong><\/p>\n<p>When we have more than 10 characters with the same sound, you need to go to the next for some characters.<br \/>\ne.g.  To type &#8220;<a title=\"Look up in ChineseBay Cantonese and Mandarin Pronunciation Dictionary\" target=\"_blank\" href=\"http:\/\/chinesebay.com\/py\/%E5%A4%A7%E4%BD%AC\">\u5927\u4f6c<\/a>&#8221; <a title=\"Look up in ChineseBay Cantonese and Mandarin Pronunciation Dictionary\" target=\"_blank\" href=\"http:\/\/chinesebay.com\/py\/%EF%BC%88\">\uff08<\/a>big brother, boss), you need to type &#8220;da&#8221; and 1 to get &#8220;<a title=\"Look up in ChineseBay Cantonese and Mandarin Pronunciation Dictionary\" target=\"_blank\" href=\"http:\/\/chinesebay.com\/py\/%E5%A4%A7\">\u5927<\/a>&#8221;, then<br \/>\ntype &#8220;lao&#8221;, then PageDown, and 1 to get &#8220;<a title=\"Look up in ChineseBay Cantonese and Mandarin Pronunciation Dictionary\" target=\"_blank\" href=\"http:\/\/chinesebay.com\/py\/%E4%BD%AC\">\u4f6c<\/a>\u201d.<\/p>\n<p>4. When you are done with the typing,\u00a0 you can either click links at the bottom: Google or Baidu to search for your contents or Send it as your email subject via Gmail.\u00a0 I&#8217;ve used some many email system, but Gmail is still the best even though it is &#8216;beta&#8217;<\/p>\n<p><strong>5. We  are still in kind of beta version<\/strong> and keep developing it until it become close to perfect. Your input and feedback are all welcome.<\/p>\n<p><strong>6. In case you need some special characters or marks<\/strong>, you can copy and paste from the following:<br \/>\n<a title=\"Look up in ChineseBay Cantonese and Mandarin Pronunciation Dictionary\" target=\"_blank\" href=\"http:\/\/chinesebay.com\/py\/%E3%80%82\">\u3002<\/a> <a title=\"Look up in ChineseBay Cantonese and Mandarin Pronunciation Dictionary\" target=\"_blank\" href=\"http:\/\/chinesebay.com\/py\/%E3%80%81\">\u3001<\/a> <a title=\"Look up in ChineseBay Cantonese and Mandarin Pronunciation Dictionary\" target=\"_blank\" href=\"http:\/\/chinesebay.com\/py\/%E3%80%8A\">\u300a<\/a>  <a title=\"Look up in ChineseBay Cantonese and Mandarin Pronunciation Dictionary\" target=\"_blank\" href=\"http:\/\/chinesebay.com\/py\/%E3%80%8B%EF%BC%8C\">\u300b\uff0c<\/a>  \u203b \u2640\u2642<a title=\"Look up in ChineseBay Cantonese and Mandarin Pronunciation Dictionary\" target=\"_blank\" href=\"http:\/\/chinesebay.com\/py\/%E5%8D%90%E5%8D%8D\">\u5350\u534d<\/a>\u32a3\u2606\u25b3\u25bd\u25cb\u25c7\u25b7\u25c1\u2664\u2661\u2662\u2667\u263c\u263a\u260f\u2022\u25b2\u25bc\u25cf\u25c6\u25a0\u2605\u25b6\u25c0\u2660\u2665\u2666\u2663\u2600\u263b\u260e\u2025*\u2609\u2299\u2295\u0398\u25ce\u2764\u00a4\u272a\u306e\u22bf\u261c\u261e\u2588\u2589\u2026\u2026<br \/>\n\u2196\u2191\u2197\u2190\u2194\u2192\u2199\u2193\u2198 \u2116\u2237\u25e4\u25e5\u25e3\u25e2\u2669\u266a\u266b\u266c\u00a7\u00b6\u266d\u266f$\u03a8\u00a5\u222e\u2016\u2604\u2623\u262d\u2742\u262a\u27b9\u2603\u2602\u2766\u2767<a title=\"Look up in ChineseBay Cantonese and Mandarin Pronunciation Dictionary\" target=\"_blank\" href=\"http:\/\/chinesebay.com\/py\/%EF%BC%8A\">\uff0a<\/a>\u2732\u2748\u2749\u273f\u2740\u2743\u2741\u10e6\u0b90\u271f\u06e9\u06de\u270e\u2704\u042e\u2620\u2668\u0e51<br \/>\n<a title=\"Look up in ChineseBay Cantonese and Mandarin Pronunciation Dictionary\" target=\"_blank\" href=\"http:\/\/chinesebay.com\/py\/%E3%80%96%E3%80%97%E3%80%90%E3%80%91%E3%80%8E%E3%80%8F\">\u3016\u3017\u3010\u3011\u300e\u300f<\/a>\ufe3d\ufe3e\ufe43\ufe44\ufe3b\ufe3c<br \/>\nPinyin: \u0101\u00e1\u01ce\u00e0\u014d\u00f3\u01d2\u00f2\u0113\u00e9\u011b\u00e8\u012b\u00ed\u01d0\u00ec\u016b\u00fa\u01d4\u00f9\u01d6\u01d8\u01da\u01dc\u00fc\u0144\u0148<br \/>\nZhuyin:\u3105\u310d\u3115\u311d\u3125\u3106\u310e\u3116\u311e\u3126\u3107\u310f\u3117\u311f\u3127\u3108\u3110\u3118\u3120\u3128\u3109\u3111\u3119\u3121\u3129\u310a\u3112\u311a\u3122\u310b\u3113\u311b\u3123\u310c\u3114\u311c\u3124<br \/>\n<a title=\"Look up in ChineseBay Cantonese and Mandarin Pronunciation Dictionary\" target=\"_blank\" href=\"http:\/\/chinesebay.com\/py\/%E5%A3%B9%E8%B4%B0%E5%8F%81%E8%82%86%E4%BC%8D%E9%99%86%E6%9F%92%E6%8D%8C%E7%8E%96%E6%8B%BE%E9%9B%B6%E4%BD%B0%E4%BB%9F%E4%B8%87%E4%BA%BF%E5%85%86%E5%90%89%E5%A4%AA%E6%8B%8D%E8%89%BE%E5%88%86%E5%8E%98%E6%AF%AB%E5%BE%AE\">\u58f9\u8d30\u53c1\u8086\u4f0d\u9646\u67d2\u634c\u7396\u62fe\u96f6\u4f70\u4edf\u4e07\u4ebf\u5146\u5409\u592a\u62cd\u827e\u5206\u5398\u6beb\u5fae<\/a>  <a title=\"Look up in ChineseBay Cantonese and Mandarin Pronunciation Dictionary\" target=\"_blank\" href=\"http:\/\/chinesebay.com\/py\/%E5%9B%8D%E6%9B%B1%E7%94%B4\">\u56cd\u66f1\u7534<\/a><br \/>\n\u3220\u3221\u3222\u3223\u3224\u3225\u3226\u3227\u3228\u3229<br \/>\n\u2460\u2461\u2462\u2463\u2464\u2465\u2466\u2467\u2468\u2469<br \/>\n\u2160\u2161\u2162\u2163\u2164\u2165\u2166\u2167\u2168\u2169\u2170\u2171\u2172\u2173\u2174\u2175\u2176\u2177\u2178<\/p>\n<h3>These specials characters are done with the help of <a href=\"http:\/\/pinyin.sogou.com\/\">Sogou Pinyin<\/a><\/h3>\n<h3>\u256d\ufe3f\ufe3f\ufe3f\u256e<br \/>\n{\/-\u25ce\u25ce-\/}<br \/>\n( (oo) )<br \/>\n\ufe36\ufe36\ufe36<\/h3>\n<p>That&#8217;s all for now, folks.\u00a0 Just go to<\/p>\n<h3><a href=\"http:\/\/ChineseBay.com\/chinesetools\/typechinese.php\" Title=\"Chinese Pinyin Input Online\">Chinese Pinyin Input IME Online<\/a> <\/h3>\n<p>to use it.<\/p>\n<h3>Video Tutorial On How to Use Chinese Pinyin Input<\/h3>\n<p><object width=\"425\" height=\"344\"><param name=\"movie\" value=\"http:\/\/www.youtube.com\/v\/wssc6h_S368&#038;hl=en&#038;fs=1&#038;\"><\/param><param name=\"allowFullScreen\" value=\"true\"><\/param><param name=\"allowscriptaccess\" value=\"always\"><\/param><embed src=\"http:\/\/www.youtube.com\/v\/wssc6h_S368&#038;hl=en&#038;fs=1&#038;\" type=\"application\/x-shockwave-flash\" allowscriptaccess=\"always\" allowfullscreen=\"true\" width=\"425\" height=\"344\"><\/embed><\/object><\/p>\n","protected":false},"excerpt":{"rendered":"<p>With our Pinyin IME, you can type Chinese characters easily without installing any software. Only with your browser. 1. First Go to http:\/\/ChineseBay.com\/chinesetools\/typechinese.php 2. Start typing pinyin without tones. e.g. If you type &#8220;wom&#8221;, you will get &#8220;1. <a title=\"Look up in ChineseBay Cantonese and Mandarin Pronunciation Dictionary\" target=\"_blank\" href=\"http:\/\/chinesebay.com\/py\/%E6%88%91%E4%BB%AC\">\u6211\u4eec<\/a> women&#8221; , then you just press spacebar or 1 to get it into the main text [&hellip;]<\/p>\n","protected":false},"author":134,"featured_media":0,"parent":161,"menu_order":0,"comment_status":"open","ping_status":"open","template":"","meta":{"footnotes":"","_links_to":"","_links_to_target":""},"_links":{"self":[{"href":"https:\/\/chinesebay.com\/blog\/wp-json\/wp\/v2\/pages\/166"}],"collection":[{"href":"https:\/\/chinesebay.com\/blog\/wp-json\/wp\/v2\/pages"}],"about":[{"href":"https:\/\/chinesebay.com\/blog\/wp-json\/wp\/v2\/types\/page"}],"author":[{"embeddable":true,"href":"https:\/\/chinesebay.com\/blog\/wp-json\/wp\/v2\/users\/134"}],"replies":[{"embeddable":true,"href":"https:\/\/chinesebay.com\/blog\/wp-json\/wp\/v2\/comments?post=166"}],"version-history":[{"count":4,"href":"https:\/\/chinesebay.com\/blog\/wp-json\/wp\/v2\/pages\/166\/revisions"}],"predecessor-version":[{"id":168,"href":"https:\/\/chinesebay.com\/blog\/wp-json\/wp\/v2\/pages\/166\/revisions\/168"}],"up":[{"embeddable":true,"href":"https:\/\/chinesebay.com\/blog\/wp-json\/wp\/v2\/pages\/161"}],"wp:attachment":[{"href":"https:\/\/chinesebay.com\/blog\/wp-json\/wp\/v2\/media?parent=166"}],"curies":[{"name":"wp","href":"https:\/\/api.w.org\/{rel}","templated":true}]}}